{"id":112,"date":"2025-03-19T11:22:51","date_gmt":"2025-03-19T08:22:51","guid":{"rendered":"https:\/\/wukweli.com\/services\/"},"modified":"2025-04-07T15:40:05","modified_gmt":"2025-04-07T12:40:05","slug":"services","status":"publish","type":"page","link":"https:\/\/wukweli.com\/en\/services\/","title":{"rendered":"Services"},"content":{"rendered":"<div data-elementor-type=\"wp-page\" data-elementor-id=\"112\" class=\"elementor elementor-112\">\n\t\t\t\t<div class=\"elementor-element elementor-element-264b2bb e-flex e-con-boxed e-con e-parent\" data-id=\"264b2bb\" data-element_type=\"container\" data-e-type=\"container\" data-settings=\"{&quot;background_background&quot;:&quot;classic&quot;}\">\n\t\t\t\t\t<div class=\"e-con-inner\">\n\t\t<div class=\"elementor-element elementor-element-9c65b34 e-con-full e-flex e-con e-child\" data-id=\"9c65b34\" data-element_type=\"container\" data-e-type=\"container\">\n\t\t\t\t<div class=\"elementor-element elementor-element-e18d550 elementor-widget elementor-widget-heading\" data-id=\"e18d550\" data-element_type=\"widget\" data-e-type=\"widget\" data-widget_type=\"heading.default\">\n\t\t\t\t<div class=\"elementor-widget-container\">\n\t\t\t\t\t<h1 class=\"elementor-heading-title elementor-size-default\">Services<\/h1>\t\t\t\t<\/div>\n\t\t\t\t<\/div>\n\t\t\t\t<div class=\"elementor-element elementor-element-1006559 elementor-widget elementor-widget-text-editor\" data-id=\"1006559\" data-element_type=\"widget\" data-e-type=\"widget\" data-widget_type=\"text-editor.default\">\n\t\t\t\t<div class=\"elementor-widget-container\">\n\t\t\t\t\t\t\t\t\t<p class=\"selectable-text copyable-text x15bjb6t x1n2onr6\" dir=\"ltr\"><span class=\"selectable-text copyable-text false xdakrdy\">*<\/span><b><strong class=\"selectable-text copyable-text false x117nqv4\">Nos Services \u2013 Wukweli for Marketing<\/strong><\/b><span class=\"selectable-text copyable-text false xdakrdy\">*<\/span><\/p><p class=\"selectable-text copyable-text x15bjb6t x1n2onr6\" dir=\"ltr\"><span class=\"selectable-text copyable-text false\">Chez Wukweli for Marketing, nous aidons les entrepreneurs, PME, institutions et marques \u00e0 r\u00e9ussir leur transformation digitale gr\u00e2ce \u00e0 des services marketing innovants, efficaces et adapt\u00e9s \u00e0 leurs objectifs.<\/span><\/p><p class=\"selectable-text copyable-text x15bjb6t x1n2onr6\" dir=\"ltr\"><span class=\"selectable-text copyable-text false xdakrdy\">*<\/span><b><strong class=\"selectable-text copyable-text false x117nqv4\">1. Cr\u00e9ation de sites internet &amp; pages de destination<\/strong><\/b><span class=\"selectable-text copyable-text false xdakrdy\">*<\/span><\/p><p class=\"selectable-text copyable-text x15bjb6t x1n2onr6\" dir=\"ltr\"><span class=\"selectable-text copyable-text false\">Nous concevons des sites web modernes, rapides et responsives, pens\u00e9s pour convertir vos visiteurs en clients. Que ce soit pour un site vitrine, un blog, un portfolio ou une boutique en ligne, nous mettons en avant votre image et vos valeurs.<\/span><\/p><p class=\"selectable-text copyable-text x15bjb6t x1n2onr6\" dir=\"ltr\"><span class=\"selectable-text copyable-text false xdakrdy\">*<\/span><b><strong class=\"selectable-text copyable-text false x117nqv4\">2. Gestion de campagnes publicitaires<\/strong><\/b><span class=\"selectable-text copyable-text false xdakrdy\">*<\/span><\/p><p class=\"selectable-text copyable-text x15bjb6t x1n2onr6\" dir=\"ltr\"><span class=\"selectable-text copyable-text false\">Augmentez votre visibilit\u00e9 gr\u00e2ce \u00e0 nos campagnes cibl\u00e9es sur Facebook, Instagram, Google Ads et TikTok. Nous cr\u00e9ons des visuels percutants, r\u00e9digeons des textes accrocheurs et optimisons votre budget pour un retour sur investissement maximal.<\/span><\/p><p class=\"selectable-text copyable-text x15bjb6t x1n2onr6\" dir=\"ltr\"><span class=\"selectable-text copyable-text false xdakrdy\">*<\/span><b><strong class=\"selectable-text copyable-text false x117nqv4\">3. Community Management<\/strong><\/b><span class=\"selectable-text copyable-text false xdakrdy\">*<\/span><\/p><p class=\"selectable-text copyable-text x15bjb6t x1n2onr6\" dir=\"ltr\"><span class=\"selectable-text copyable-text false\">Nous cr\u00e9ons et animons vos pages sur les r\u00e9seaux sociaux avec des contenus engageants, une strat\u00e9gie \u00e9ditoriale sur-mesure et une interaction r\u00e9guli\u00e8re avec votre communaut\u00e9 pour fid\u00e9liser et attirer de nouveaux clients.<\/span><\/p><p class=\"selectable-text copyable-text x15bjb6t x1n2onr6\" dir=\"ltr\"><span class=\"selectable-text copyable-text false xdakrdy\">*<\/span><b><strong class=\"selectable-text copyable-text false x117nqv4\">4. Conception graphique &amp; \u00e9dition<\/strong><\/b><span class=\"selectable-text copyable-text false xdakrdy\">*<\/span><\/p><p class=\"selectable-text copyable-text x15bjb6t x1n2onr6\" dir=\"ltr\"><span class=\"selectable-text copyable-text false\">Logo, flyers, brochures, vid\u00e9os promotionnelles, cartes de visite\u2026 notre \u00e9quipe cr\u00e9ative donne vie \u00e0 votre identit\u00e9 de marque avec des visuels professionnels, adapt\u00e9s \u00e0 tous vos supports de communication.<\/span><\/p><p class=\"selectable-text copyable-text x15bjb6t x1n2onr6\" dir=\"ltr\"><span class=\"selectable-text copyable-text false xdakrdy\">*<\/span><b><strong class=\"selectable-text copyable-text false x117nqv4\">5. R\u00e9daction &amp; traduction multilingue<\/strong><\/b><span class=\"selectable-text copyable-text false xdakrdy\">*<\/span><\/p><p class=\"selectable-text copyable-text x15bjb6t x1n2onr6\" dir=\"ltr\"><span class=\"selectable-text copyable-text false\">Nous r\u00e9digeons des contenus captivants en fran\u00e7ais, anglais, arabe et chinois, optimis\u00e9s pour le r\u00e9f\u00e9rencement (SEO) et adapt\u00e9s \u00e0 vos objectifs de communication. Nous proposons \u00e9galement des services de traduction de haute qualit\u00e9.<\/span><\/p><p class=\"selectable-text copyable-text x15bjb6t x1n2onr6\" dir=\"ltr\"><span class=\"selectable-text copyable-text false xdakrdy\">*<\/span><b><strong class=\"selectable-text copyable-text false x117nqv4\">6. Formation &amp; accompagnement<\/strong><\/b><span class=\"selectable-text copyable-text false xdakrdy\">*<\/span><\/p><p class=\"selectable-text copyable-text x15bjb6t x1n2onr6\" dir=\"ltr\"><span class=\"selectable-text copyable-text false\">Nous formons les jeunes, les entrepreneurs et les professionnels \u00e0 ma\u00eetriser les outils du digital et \u00e0 cr\u00e9er leur propre activit\u00e9 en ligne. Nos formations sont pratiques, personnalis\u00e9es et orient\u00e9es r\u00e9sultats.<\/span><\/p>\t\t\t\t\t\t\t\t<\/div>\n\t\t\t\t<\/div>\n\t\t\t\t<div class=\"elementor-element elementor-element-e7e0e7a elementor-widget elementor-widget-text-editor\" data-id=\"e7e0e7a\" data-element_type=\"widget\" data-e-type=\"widget\" data-widget_type=\"text-editor.default\">\n\t\t\t\t<div class=\"elementor-widget-container\">\n\t\t\t\t\t\t\t\t\t<p>Lorem ipsum dolor sit amet, consectetur adipiscing elit. Ut elit tellus, luctus nec ullamcorper mattis, pulvinar dapibus leo.<\/p>\t\t\t\t\t\t\t\t<\/div>\n\t\t\t\t<\/div>\n\t\t\t\t<\/div>\n\t\t\t\t\t<\/div>\n\t\t\t\t<\/div>\n\t\t<div class=\"elementor-element elementor-element-b771ea8 e-flex e-con-boxed e-con e-parent\" data-id=\"b771ea8\" data-element_type=\"container\" data-e-type=\"container\" data-settings=\"{&quot;background_background&quot;:&quot;classic&quot;}\">\n\t\t\t\t\t<div class=\"e-con-inner\">\n\t\t<div class=\"elementor-element elementor-element-cfaaf1e e-con-full e-flex e-con e-child\" data-id=\"cfaaf1e\" data-element_type=\"container\" data-e-type=\"container\">\n\t\t\t\t<div class=\"elementor-element elementor-element-19e82cc elementor-widget elementor-widget-heading\" data-id=\"19e82cc\" data-element_type=\"widget\" data-e-type=\"widget\" data-widget_type=\"heading.default\">\n\t\t\t\t<div class=\"elementor-widget-container\">\n\t\t\t\t\t<h2 class=\"elementor-heading-title elementor-size-default\">Comment pouvons-nous vous aider ?<\/h2>\t\t\t\t<\/div>\n\t\t\t\t<\/div>\n\t\t<div class=\"elementor-element elementor-element-95561a8 e-con-full e-flex e-con e-child\" data-id=\"95561a8\" data-element_type=\"container\" data-e-type=\"container\">\n\t\t<div class=\"elementor-element elementor-element-439b9b9 e-con-full e-flex e-con e-child\" data-id=\"439b9b9\" data-element_type=\"container\" data-e-type=\"container\">\n\t\t\t\t<div class=\"elementor-element elementor-element-07ce45a elementor-vertical-align-top elementor-widget elementor-widget-image-box\" data-id=\"07ce45a\" data-element_type=\"widget\" data-e-type=\"widget\" data-widget_type=\"image-box.default\">\n\t\t\t\t<div class=\"elementor-widget-container\">\n\t\t\t\t\t<div class=\"elementor-image-box-wrapper\"><div class=\"elementor-image-box-content\"><h4 class=\"elementor-image-box-title\">Design cr\u00e9ative<\/h4><p class=\"elementor-image-box-description\">Notre \u00e9quipe de graphistes et de web designers professionnels vous aidera \u00e0 cr\u00e9er des logos et des designs de sites web uniques et cr\u00e9atifs qui correspondront \u00e0 votre entreprise.<\/p><\/div><\/div>\t\t\t\t<\/div>\n\t\t\t\t<\/div>\n\t\t\t\t<\/div>\n\t\t<div class=\"elementor-element elementor-element-baa1254 e-con-full e-flex e-con e-child\" data-id=\"baa1254\" data-element_type=\"container\" data-e-type=\"container\">\n\t\t\t\t<div class=\"elementor-element elementor-element-296aab3 elementor-vertical-align-top elementor-widget elementor-widget-image-box\" data-id=\"296aab3\" data-element_type=\"widget\" data-e-type=\"widget\" data-widget_type=\"image-box.default\">\n\t\t\t\t<div class=\"elementor-widget-container\">\n\t\t\t\t\t<div class=\"elementor-image-box-wrapper\"><div class=\"elementor-image-box-content\"><h4 class=\"elementor-image-box-title\">Recherche and d\u00e9veloppement<\/h4><p class=\"elementor-image-box-description\">Nous d\u00e9veloppons des sites web avec une interface utilisateur soign\u00e9e, con\u00e7ue apr\u00e8s une recherche approfondie du secteur, afin de vous garantir les meilleurs r\u00e9sultats.<\/p><\/div><\/div>\t\t\t\t<\/div>\n\t\t\t\t<\/div>\n\t\t\t\t<\/div>\n\t\t<div class=\"elementor-element elementor-element-b4c2add e-con-full e-flex e-con e-child\" data-id=\"b4c2add\" data-element_type=\"container\" data-e-type=\"container\">\n\t\t\t\t<div class=\"elementor-element elementor-element-239803c elementor-vertical-align-top elementor-widget elementor-widget-image-box\" data-id=\"239803c\" data-element_type=\"widget\" data-e-type=\"widget\" data-widget_type=\"image-box.default\">\n\t\t\t\t<div class=\"elementor-widget-container\">\n\t\t\t\t\t<div class=\"elementor-image-box-wrapper\"><div class=\"elementor-image-box-content\"><h4 class=\"elementor-image-box-title\">Branding &amp; Marketing<\/h4><p class=\"elementor-image-box-description\">Besoin d'aide pour le branding et le marketing afin d'atteindre un plus large public ? Nous pouvons vous aider \u00e0 cr\u00e9er une pr\u00e9sence de marque et \u00e0 mettre en place des actions marketing.<\/p><\/div><\/div>\t\t\t\t<\/div>\n\t\t\t\t<\/div>\n\t\t\t\t<\/div>\n\t\t\t\t<\/div>\n\t\t\t\t<\/div>\n\t\t\t\t\t<\/div>\n\t\t\t\t<\/div>\n\t\t<div class=\"elementor-element elementor-element-e703104 e-flex e-con-boxed e-con e-parent\" data-id=\"e703104\" data-element_type=\"container\" data-e-type=\"container\">\n\t\t\t\t\t<div class=\"e-con-inner\">\n\t\t<div class=\"elementor-element elementor-element-678e1f2 e-con-full e-flex e-con e-child\" data-id=\"678e1f2\" data-element_type=\"container\" data-e-type=\"container\">\n\t\t\t\t<div class=\"elementor-element elementor-element-d5e564a elementor-widget elementor-widget-heading\" data-id=\"d5e564a\" data-element_type=\"widget\" data-e-type=\"widget\" data-widget_type=\"heading.default\">\n\t\t\t\t<div class=\"elementor-widget-container\">\n\t\t\t\t\t<h2 class=\"elementor-heading-title elementor-size-default\">Clients We Worked With<\/h2>\t\t\t\t<\/div>\n\t\t\t\t<\/div>\n\t\t<div class=\"elementor-element elementor-element-233e512 e-con-full e-flex e-con e-child\" data-id=\"233e512\" data-element_type=\"container\" data-e-type=\"container\">\n\t\t<div class=\"elementor-element elementor-element-2ed3a7b e-con-full e-flex e-con e-child\" data-id=\"2ed3a7b\" data-element_type=\"container\" data-e-type=\"container\">\n\t\t\t\t<div class=\"elementor-element elementor-element-c2ad059 elementor-widget elementor-widget-image\" data-id=\"c2ad059\" data-element_type=\"widget\" data-e-type=\"widget\" data-widget_type=\"image.default\">\n\t\t\t\t<div class=\"elementor-widget-container\">\n\t\t\t\t\t\t\t\t\t\t\t\t\t\t\t<img fetchpriority=\"high\" decoding=\"async\" width=\"1024\" height=\"768\" src=\"https:\/\/wukweli.com\/wp-content\/uploads\/2025\/03\/MERCI-1.jpeg\" class=\"attachment-large size-large wp-image-1971\" alt=\"\" srcset=\"https:\/\/wukweli.com\/wp-content\/uploads\/2025\/03\/MERCI-1.jpeg 1024w, https:\/\/wukweli.com\/wp-content\/uploads\/2025\/03\/MERCI-1-300x225.jpeg 300w, https:\/\/wukweli.com\/wp-content\/uploads\/2025\/03\/MERCI-1-768x576.jpeg 768w\" sizes=\"(max-width: 1024px) 100vw, 1024px\" \/>\t\t\t\t\t\t\t\t\t\t\t\t\t\t\t<\/div>\n\t\t\t\t<\/div>\n\t\t\t\t<\/div>\n\t\t<div class=\"elementor-element elementor-element-d929a06 e-con-full e-flex e-con e-child\" data-id=\"d929a06\" data-element_type=\"container\" data-e-type=\"container\">\n\t\t\t\t<div class=\"elementor-element elementor-element-c65f5db elementor-widget elementor-widget-image\" data-id=\"c65f5db\" data-element_type=\"widget\" data-e-type=\"widget\" data-widget_type=\"image.default\">\n\t\t\t\t<div class=\"elementor-widget-container\">\n\t\t\t\t\t\t\t\t\t\t\t\t\t\t\t<img decoding=\"async\" width=\"1024\" height=\"768\" src=\"https:\/\/wukweli.com\/wp-content\/uploads\/2025\/03\/MERCI-5.jpeg\" class=\"attachment-large size-large wp-image-1969\" alt=\"\" srcset=\"https:\/\/wukweli.com\/wp-content\/uploads\/2025\/03\/MERCI-5.jpeg 1024w, https:\/\/wukweli.com\/wp-content\/uploads\/2025\/03\/MERCI-5-300x225.jpeg 300w, https:\/\/wukweli.com\/wp-content\/uploads\/2025\/03\/MERCI-5-768x576.jpeg 768w\" sizes=\"(max-width: 1024px) 100vw, 1024px\" \/>\t\t\t\t\t\t\t\t\t\t\t\t\t\t\t<\/div>\n\t\t\t\t<\/div>\n\t\t\t\t<\/div>\n\t\t<div class=\"elementor-element elementor-element-c8ad0f3 e-con-full e-flex e-con e-child\" data-id=\"c8ad0f3\" data-element_type=\"container\" data-e-type=\"container\">\n\t\t\t\t<div class=\"elementor-element elementor-element-493ebf6 elementor-widget elementor-widget-image\" data-id=\"493ebf6\" data-element_type=\"widget\" data-e-type=\"widget\" data-widget_type=\"image.default\">\n\t\t\t\t<div class=\"elementor-widget-container\">\n\t\t\t\t\t\t\t\t\t\t\t\t\t\t\t<img decoding=\"async\" width=\"1024\" height=\"768\" src=\"https:\/\/wukweli.com\/wp-content\/uploads\/2025\/03\/MERCI-ARABE.jpeg\" class=\"attachment-large size-large wp-image-1970\" alt=\"\" srcset=\"https:\/\/wukweli.com\/wp-content\/uploads\/2025\/03\/MERCI-ARABE.jpeg 1024w, https:\/\/wukweli.com\/wp-content\/uploads\/2025\/03\/MERCI-ARABE-300x225.jpeg 300w, https:\/\/wukweli.com\/wp-content\/uploads\/2025\/03\/MERCI-ARABE-768x576.jpeg 768w\" sizes=\"(max-width: 1024px) 100vw, 1024px\" \/>\t\t\t\t\t\t\t\t\t\t\t\t\t\t\t<\/div>\n\t\t\t\t<\/div>\n\t\t\t\t<\/div>\n\t\t<div class=\"elementor-element elementor-element-0f75211 e-con-full e-flex e-con e-child\" data-id=\"0f75211\" data-element_type=\"container\" data-e-type=\"container\">\n\t\t\t\t<div class=\"elementor-element elementor-element-d381532 elementor-widget elementor-widget-image\" data-id=\"d381532\" data-element_type=\"widget\" data-e-type=\"widget\" data-widget_type=\"image.default\">\n\t\t\t\t<div class=\"elementor-widget-container\">\n\t\t\t\t\t\t\t\t\t\t\t\t\t\t\t<img loading=\"lazy\" decoding=\"async\" width=\"1024\" height=\"768\" src=\"https:\/\/wukweli.com\/wp-content\/uploads\/2025\/03\/MERCI-4.jpeg\" class=\"attachment-large size-large wp-image-1968\" alt=\"\" srcset=\"https:\/\/wukweli.com\/wp-content\/uploads\/2025\/03\/MERCI-4.jpeg 1024w, https:\/\/wukweli.com\/wp-content\/uploads\/2025\/03\/MERCI-4-300x225.jpeg 300w, https:\/\/wukweli.com\/wp-content\/uploads\/2025\/03\/MERCI-4-768x576.jpeg 768w\" sizes=\"(max-width: 1024px) 100vw, 1024px\" \/>\t\t\t\t\t\t\t\t\t\t\t\t\t\t\t<\/div>\n\t\t\t\t<\/div>\n\t\t\t\t<\/div>\n\t\t\t\t<\/div>\n\t\t\t\t<\/div>\n\t\t\t\t\t<\/div>\n\t\t\t\t<\/div>\n\t\t<div class=\"elementor-element elementor-element-3430b3a e-flex e-con-boxed e-con e-parent\" data-id=\"3430b3a\" data-element_type=\"container\" data-e-type=\"container\" data-settings=\"{&quot;background_background&quot;:&quot;classic&quot;}\">\n\t\t\t\t\t<div class=\"e-con-inner\">\n\t\t<div class=\"elementor-element elementor-element-cf137a9 e-con-full e-flex e-con e-child\" data-id=\"cf137a9\" data-element_type=\"container\" data-e-type=\"container\">\n\t\t<div class=\"elementor-element elementor-element-5c0bbb4 e-con-full e-flex e-con e-child\" data-id=\"5c0bbb4\" data-element_type=\"container\" data-e-type=\"container\">\n\t\t<div class=\"elementor-element elementor-element-23d52d6 e-con-full e-flex e-con e-child\" data-id=\"23d52d6\" data-element_type=\"container\" data-e-type=\"container\" data-settings=\"{&quot;background_background&quot;:&quot;classic&quot;}\">\n\t\t\t\t<div class=\"elementor-element elementor-element-3d87948 elementor-vertical-align-top elementor-widget elementor-widget-image-box\" data-id=\"3d87948\" data-element_type=\"widget\" data-e-type=\"widget\" data-widget_type=\"image-box.default\">\n\t\t\t\t<div class=\"elementor-widget-container\">\n\t\t\t\t\t<div class=\"elementor-image-box-wrapper\"><div class=\"elementor-image-box-content\"><h3 class=\"elementor-image-box-title\">Vous avez un projet en tete?<\/h3><p class=\"elementor-image-box-description\">Nous pouvons vous aider \u00e0 concr\u00e9tiser votre id\u00e9e. Parlons de ce que nous pouvons construire et r\u00e9aliser ensemble.<\/p><\/div><\/div>\t\t\t\t<\/div>\n\t\t\t\t<\/div>\n\t\t\t\t<div class=\"elementor-element elementor-element-623fecf elementor-widget elementor-widget-button\" data-id=\"623fecf\" data-element_type=\"widget\" data-e-type=\"widget\" data-widget_type=\"button.default\">\n\t\t\t\t<div class=\"elementor-widget-container\">\n\t\t\t\t\t\t\t\t\t<div class=\"elementor-button-wrapper\">\n\t\t\t\t\t<a class=\"elementor-button elementor-button-link elementor-size-sm\" href=\"#\">\n\t\t\t\t\t\t<span class=\"elementor-button-content-wrapper\">\n\t\t\t\t\t\t<span class=\"elementor-button-icon\">\n\t\t\t\t<svg aria-hidden=\"true\" class=\"e-font-icon-svg e-fas-arrow-right\" viewbox=\"0 0 448 512\" xmlns=\"http:\/\/www.w3.org\/2000\/svg\"><path d=\"M190.5 66.9l22.2-22.2c9.4-9.4 24.6-9.4 33.9 0L441 239c9.4 9.4 9.4 24.6 0 33.9L246.6 467.3c-9.4 9.4-24.6 9.4-33.9 0l-22.2-22.2c-9.5-9.5-9.3-25 .4-34.3L311.4 296H24c-13.3 0-24-10.7-24-24v-32c0-13.3 10.7-24 24-24h287.4L190.9 101.2c-9.8-9.3-10-24.8-.4-34.3z\"><\/path><\/svg>\t\t\t<\/span>\n\t\t\t\t\t\t\t\t\t<span class=\"elementor-button-text\">Connect with us!<\/span>\n\t\t\t\t\t<\/span>\n\t\t\t\t\t<\/a>\n\t\t\t\t<\/div>\n\t\t\t\t\t\t\t\t<\/div>\n\t\t\t\t<\/div>\n\t\t\t\t<\/div>\n\t\t<div class=\"elementor-element elementor-element-8e624c0 e-con-full e-flex e-con e-child\" data-id=\"8e624c0\" data-element_type=\"container\" data-e-type=\"container\">\n\t\t\t\t<div class=\"elementor-element elementor-element-6168320 elementor-widget elementor-widget-image\" data-id=\"6168320\" data-element_type=\"widget\" data-e-type=\"widget\" data-widget_type=\"image.default\">\n\t\t\t\t<div class=\"elementor-widget-container\">\n\t\t\t\t\t\t\t\t\t\t\t\t\t\t\t<img loading=\"lazy\" decoding=\"async\" width=\"1024\" height=\"768\" src=\"https:\/\/wukweli.com\/wp-content\/uploads\/2025\/03\/TEAM-2.jpeg\" class=\"attachment-large size-large wp-image-1996\" alt=\"\" srcset=\"https:\/\/wukweli.com\/wp-content\/uploads\/2025\/03\/TEAM-2.jpeg 1024w, https:\/\/wukweli.com\/wp-content\/uploads\/2025\/03\/TEAM-2-300x225.jpeg 300w, https:\/\/wukweli.com\/wp-content\/uploads\/2025\/03\/TEAM-2-768x576.jpeg 768w\" sizes=\"(max-width: 1024px) 100vw, 1024px\" \/>\t\t\t\t\t\t\t\t\t\t\t\t\t\t\t<\/div>\n\t\t\t\t<\/div>\n\t\t\t\t<\/div>\n\t\t\t\t<\/div>\n\t\t<div class=\"elementor-element elementor-element-1ab901e e-con-full e-flex e-con e-child\" data-id=\"1ab901e\" data-element_type=\"container\" data-e-type=\"container\">\n\t\t<div class=\"elementor-element elementor-element-0e440ae e-con-full e-flex e-con e-child\" data-id=\"0e440ae\" data-element_type=\"container\" data-e-type=\"container\">\n\t\t\t\t<div class=\"elementor-element elementor-element-e16093e elementor-widget elementor-widget-heading\" data-id=\"e16093e\" data-element_type=\"widget\" data-e-type=\"widget\" data-widget_type=\"heading.default\">\n\t\t\t\t<div class=\"elementor-widget-container\">\n\t\t\t\t\t<h2 class=\"elementor-heading-title elementor-size-default\">Construisons  ensemble une entreprise florissante\n<\/h2>\t\t\t\t<\/div>\n\t\t\t\t<\/div>\n\t\t\t\t<\/div>\n\t\t<div class=\"elementor-element elementor-element-fe0e002 e-con-full e-flex e-con e-child\" data-id=\"fe0e002\" data-element_type=\"container\" data-e-type=\"container\">\n\t\t\t\t<div class=\"elementor-element elementor-element-06f7f03 elementor-widget elementor-widget-text-editor\" data-id=\"06f7f03\" data-element_type=\"widget\" data-e-type=\"widget\" data-widget_type=\"text-editor.default\">\n\t\t\t\t<div class=\"elementor-widget-container\">\n\t\t\t\t\t\t\t\t\t<p>En vous connectant avec nous, vous ne faites pas grandir votre entreprise seul. Nous vous soutenons et mettons tout en \u0153uvre pour contribuer \u00e0 la croissance de votre \u00e9quipe et de votre organisation. Donc, si vous cherchez la bonne agence qui vous aidera \u00e0 b\u00e2tir une solide pr\u00e9sence en ligne et \u00e0 g\u00e9n\u00e9rer plus de conversions et de revenus, nous sommes l\u00e0 pour vous !<\/p>\t\t\t\t\t\t\t\t<\/div>\n\t\t\t\t<\/div>\n\t\t\t\t<\/div>\n\t\t\t\t<\/div>\n\t\t\t\t<\/div>\n\t\t\t\t\t<\/div>\n\t\t\t\t<\/div>\n\t\t\t\t<\/div>","protected":false},"excerpt":{"rendered":"<p>Services *Nos Services \u2013 Wukweli for Marketing* Chez Wukweli for Marketing, nous aidons les entrepreneurs, PME, institutions et marques \u00e0 r\u00e9ussir leur transformation digitale gr\u00e2ce \u00e0 des services marketing innovants, efficaces et adapt\u00e9s \u00e0 leurs objectifs. *1. Cr\u00e9ation de sites internet &amp; pages de destination* Nous concevons des sites web modernes, rapides et responsives, pens\u00e9s [&hellip;]<\/p>","protected":false},"author":1,"featured_media":0,"parent":0,"menu_order":0,"comment_status":"closed","ping_status":"closed","template":"","meta":{"site-sidebar-layout":"no-sidebar","site-content-layout":"page-builder","ast-site-content-layout":"full-width-container","site-content-style":"unboxed","site-sidebar-style":"unboxed","ast-global-header-display":"","ast-banner-title-visibility":"","ast-main-header-display":"","ast-hfb-above-header-display":"","ast-hfb-below-header-display":"","ast-hfb-mobile-header-display":"","site-post-title":"disabled","ast-breadcrumbs-content":"","ast-featured-img":"disabled","footer-sml-layout":"","ast-disable-related-posts":"","theme-transparent-header-meta":"enabled","adv-header-id-meta":"","stick-header-meta":"","header-above-stick-meta":"","header-main-stick-meta":"","header-below-stick-meta":"","astra-migrate-meta-layouts":"set","ast-page-background-enabled":"default","ast-page-background-meta":{"desktop":{"background-color":"","background-image":"","background-repeat":"repeat","background-position":"center center","background-size":"auto","background-attachment":"scroll","background-type":"","background-media":"","overlay-type":"","overlay-color":"","overlay-opacity":"","overlay-gradient":""},"tablet":{"background-color":"","background-image":"","background-repeat":"repeat","background-position":"center center","background-size":"auto","background-attachment":"scroll","background-type":"","background-media":"","overlay-type":"","overlay-color":"","overlay-opacity":"","overlay-gradient":""},"mobile":{"background-color":"","background-image":"","background-repeat":"repeat","background-position":"center center","background-size":"auto","background-attachment":"scroll","background-type":"","background-media":"","overlay-type":"","overlay-color":"","overlay-opacity":"","overlay-gradient":""}},"ast-content-background-meta":{"desktop":{"background-color":"var(--ast-global-color-5)","background-image":"","background-repeat":"repeat","background-position":"center center","background-size":"auto","background-attachment":"scroll","background-type":"","background-media":"","overlay-type":"","overlay-color":"","overlay-opacity":"","overlay-gradient":""},"tablet":{"background-color":"var(--ast-global-color-5)","background-image":"","background-repeat":"repeat","background-position":"center center","background-size":"auto","background-attachment":"scroll","background-type":"","background-media":"","overlay-type":"","overlay-color":"","overlay-opacity":"","overlay-gradient":""},"mobile":{"background-color":"var(--ast-global-color-5)","background-image":"","background-repeat":"repeat","background-position":"center center","background-size":"auto","background-attachment":"scroll","background-type":"","background-media":"","overlay-type":"","overlay-color":"","overlay-opacity":"","overlay-gradient":""}},"footnotes":""},"class_list":["post-112","page","type-page","status-publish","hentry"],"_links":{"self":[{"href":"https:\/\/wukweli.com\/en\/wp-json\/wp\/v2\/pages\/112","targetHints":{"allow":["GET"]}}],"collection":[{"href":"https:\/\/wukweli.com\/en\/wp-json\/wp\/v2\/pages"}],"about":[{"href":"https:\/\/wukweli.com\/en\/wp-json\/wp\/v2\/types\/page"}],"author":[{"embeddable":true,"href":"https:\/\/wukweli.com\/en\/wp-json\/wp\/v2\/users\/1"}],"replies":[{"embeddable":true,"href":"https:\/\/wukweli.com\/en\/wp-json\/wp\/v2\/comments?post=112"}],"version-history":[{"count":16,"href":"https:\/\/wukweli.com\/en\/wp-json\/wp\/v2\/pages\/112\/revisions"}],"predecessor-version":[{"id":2099,"href":"https:\/\/wukweli.com\/en\/wp-json\/wp\/v2\/pages\/112\/revisions\/2099"}],"wp:attachment":[{"href":"https:\/\/wukweli.com\/en\/wp-json\/wp\/v2\/media?parent=112"}],"curies":[{"name":"wp","href":"https:\/\/api.w.org\/{rel}","templated":true}]}}